{"id":926,"date":"2025-05-30T15:19:06","date_gmt":"2025-05-30T15:19:06","guid":{"rendered":"https:\/\/suscita.ipc.pt\/?page_id=926"},"modified":"2025-06-08T11:52:49","modified_gmt":"2025-06-08T11:52:49","slug":"suscita-hubs","status":"publish","type":"page","link":"https:\/\/suscita.ipc.pt\/?page_id=926","title":{"rendered":"SUSCita HUBs"},"content":{"rendered":"<table cellspacing=\"1px\" cellpadding=\"10px\" style=\"border: 1px solid  white;\">\n<thead>\n<tr>\n<td style=\"background-color: #339942; font-weight: bold; color:white\" align=\"right\">Hub<\/td>\n<td style=\"background-color: #339942; font-weight: bold; text-align: left; color:white\">Descri\u00e7\u00e3o<\/td>\n<\/tr>\n<\/thead>\n<tbody>\n<td align=\"right\"><b>Pessoas<\/b><b> e <\/b><b>governan\u00e7a<\/b><\/td>\n<td>Inclus\u00e3o e equidade, demografia, governan\u00e7a, inova\u00e7\u00e3o social, educa\u00e7\u00e3o,<br \/>\ncidadania, comportamento humano nas cidades, direito da cidade, \u00e9tica,<br \/>\npol\u00edticas p\u00fablicas<\/td>\n<\/tr>\n<tr style=\"background-color: #ffffff;\">\n<td align=\"right\"><b>Bem estar e qualidade de vida<\/b><\/td>\n<td>Sa\u00fade ambiental urbana, equipamentos e servi\u00e7os, ergonomia, espa\u00e7os<br \/>\np\u00fablicos, alimenta\u00e7\u00e3o<\/td>\n<\/tr>\n<tr>\n<td align=\"right\"><b>Ambiente natural e clima<\/b><\/td>\n<td>Ecossistemas, altera\u00e7\u00f5es clim\u00e1ticas, riscos naturais, gest\u00e3o de<br \/>\nres\u00edduos, engenharia natural<\/td>\n<\/tr>\n<tr style=\"background-color: #ffffff;\">\n<td align=\"right\"><b>Ambiente constru\u00eddo e sistemas<\/b><\/td>\n<td>Constru\u00e7\u00e3o sustent\u00e1vel, infraestruturas, efici\u00eancia dos sistemas, riscos<br \/>\ntecnol\u00f3gicos, urbanismo, resili\u00eancia urbana, gest\u00e3o de \u00e1gua e efluentes,<br \/>\nreabilita\u00e7\u00e3o, patrim\u00f3nio<\/td>\n<\/tr>\n<tr>\n<td align=\"right\"><b>Recursos naturais<\/b> <b>e (sistemas de) energia<\/b><\/td>\n<td>Sistemas energ\u00e9ticos, materiais sustent\u00e1veis, uso de solos<\/td>\n<\/tr>\n<tr style=\"background-color: #ffffff;\">\n<td align=\"right\"><b>Tecnologia e digital<\/b><\/td>\n<td>Tecnologia, Internet of Things e Big Data, Open Data, redes de<br \/>\ncomunica\u00e7\u00e3o, intelig\u00eancia artificial<\/td>\n<\/tr>\n<tr>\n<td align=\"right\"><b>Mobilidade de pessoas e bens<\/b><\/td>\n<td>Mobilidade suave, log\u00edstica, seguran\u00e7a, transportes sustent\u00e1veis<\/td>\n<\/tr>\n<tr style=\"background-color: #ffffff;\">\n<td align=\"right\"><b>Prosperidade e gera\u00e7\u00e3o de riqueza<\/b><\/td>\n<td>Economia circular, empreendedorismo (e emp. social), pr\u00e9fabrica\u00e7\u00e3o,<br \/>\nturismo sustent\u00e1vel<\/td>\n<\/tr>\n<\/tbody>\n<\/table>\n","protected":false},"excerpt":{"rendered":"<p>Hub Descri\u00e7\u00e3o Pessoas e governan\u00e7a Inclus\u00e3o e equidade, demografia, governan\u00e7a, inova\u00e7\u00e3o social, educa\u00e7\u00e3o, cidadania, comportamento humano nas cidades, direito da cidade, \u00e9tica, pol\u00edticas p\u00fablicas Bem estar e qualidade de vida Sa\u00fade ambiental urbana, equipamentos e servi\u00e7os, ergonomia, espa\u00e7os p\u00fablicos, alimenta\u00e7\u00e3o Ambiente natural e clima Ecossistemas, altera\u00e7\u00f5es clim\u00e1ticas, riscos naturais, gest\u00e3o de res\u00edduos, engenharia natural Ambiente [&hellip;]<\/p>\n","protected":false},"author":1,"featured_media":0,"parent":0,"menu_order":7,"comment_status":"closed","ping_status":"closed","template":"wp-custom-template-page-links","meta":{"footnotes":""},"categories":[23],"tags":[],"class_list":["post-926","page","type-page","status-publish","hentry","category-suscita-page"],"_links":{"self":[{"href":"https:\/\/suscita.ipc.pt\/index.php?rest_route=\/wp\/v2\/pages\/926","targetHints":{"allow":["GET"]}}],"collection":[{"href":"https:\/\/suscita.ipc.pt\/index.php?rest_route=\/wp\/v2\/pages"}],"about":[{"href":"https:\/\/suscita.ipc.pt\/index.php?rest_route=\/wp\/v2\/types\/page"}],"author":[{"embeddable":true,"href":"https:\/\/suscita.ipc.pt\/index.php?rest_route=\/wp\/v2\/users\/1"}],"replies":[{"embeddable":true,"href":"https:\/\/suscita.ipc.pt\/index.php?rest_route=%2Fwp%2Fv2%2Fcomments&post=926"}],"version-history":[{"count":22,"href":"https:\/\/suscita.ipc.pt\/index.php?rest_route=\/wp\/v2\/pages\/926\/revisions"}],"predecessor-version":[{"id":1339,"href":"https:\/\/suscita.ipc.pt\/index.php?rest_route=\/wp\/v2\/pages\/926\/revisions\/1339"}],"wp:attachment":[{"href":"https:\/\/suscita.ipc.pt\/index.php?rest_route=%2Fwp%2Fv2%2Fmedia&parent=926"}],"wp:term":[{"taxonomy":"category","embeddable":true,"href":"https:\/\/suscita.ipc.pt\/index.php?rest_route=%2Fwp%2Fv2%2Fcategories&post=926"},{"taxonomy":"post_tag","embeddable":true,"href":"https:\/\/suscita.ipc.pt\/index.php?rest_route=%2Fwp%2Fv2%2Ftags&post=926"}],"curies":[{"name":"wp","href":"https:\/\/api.w.org\/{rel}","templated":true}]}}