{"id":793,"date":"2025-05-30T11:21:59","date_gmt":"2025-05-30T11:21:59","guid":{"rendered":"https:\/\/suscita.ipc.pt\/?page_id=793"},"modified":"2025-06-08T11:52:26","modified_gmt":"2025-06-08T11:52:26","slug":"objetivos","status":"publish","type":"page","link":"https:\/\/suscita.ipc.pt\/?page_id=793","title":{"rendered":"Objetivos"},"content":{"rendered":"<ol>\n<li>Promover a investiga\u00e7\u00e3o cient\u00edfica sobre as cidades e o seu funcionamento, nas suas m\u00faltiplas dimens\u00f5es \u2014 tecnol\u00f3gica, ambiental, social, econ\u00f3mica e cultural \u2014, a partir da intelig\u00eancia urbana e da sustentabilidade.<\/li>\n<li>Contribuir para o refor\u00e7o e a atualiza\u00e7\u00e3o do conhecimento disponibilizado nos cursos do Instituto Polit\u00e9cnico de Coimbra, atrav\u00e9s de iniciativas de forma\u00e7\u00e3o avan\u00e7ada, capacita\u00e7\u00e3o de recursos humanos e integra\u00e7\u00e3o da investiga\u00e7\u00e3o no ensino.<\/li>\n<li>Constituir uma plataforma para o desenvolvimento de projetos transdisciplinares, promovendo a coopera\u00e7\u00e3o entre diferentes \u00e1reas cient\u00edficas e unidades org\u00e2nicas do IPC, em torno das problem\u00e1ticas urbanas e da sustentabilidade.<\/li>\n<li>Estabelecer parcerias estrat\u00e9gicas com entidades externas \u2013 como autarquias, empresas, organiza\u00e7\u00f5es da sociedade civil e institui\u00e7\u00f5es de ensino \u2013 com vista \u00e0 transfer\u00eancia de conhecimento, presta\u00e7\u00e3o de servi\u00e7os e desenvolvimento conjunto de solu\u00e7\u00f5es aplicadas.<\/li>\n<li>Refor\u00e7ar o posicionamento externo do IPC enquanto fonte de conhecimento qualificado e inovador nas \u00e1reas das cidades, da intelig\u00eancia urbana e da sustentabilidade, contribuindo para a sua afirma\u00e7\u00e3o como institui\u00e7\u00e3o de refer\u00eancia neste dom\u00ednio.<\/li>\n<\/ol>\n","protected":false},"excerpt":{"rendered":"<p>Promover a investiga\u00e7\u00e3o cient\u00edfica sobre as cidades e o seu funcionamento, nas suas m\u00faltiplas dimens\u00f5es \u2014 tecnol\u00f3gica, ambiental, social, econ\u00f3mica e cultural \u2014, a partir da intelig\u00eancia urbana e da sustentabilidade. Contribuir para o refor\u00e7o e a atualiza\u00e7\u00e3o do conhecimento disponibilizado nos cursos do Instituto Polit\u00e9cnico de Coimbra, atrav\u00e9s de iniciativas de forma\u00e7\u00e3o avan\u00e7ada, capacita\u00e7\u00e3o [&hellip;]<\/p>\n","protected":false},"author":1,"featured_media":0,"parent":470,"menu_order":3,"comment_status":"closed","ping_status":"closed","template":"wp-custom-template-page-links","meta":{"footnotes":""},"categories":[23],"tags":[],"class_list":["post-793","page","type-page","status-publish","hentry","category-suscita-page"],"_links":{"self":[{"href":"https:\/\/suscita.ipc.pt\/index.php?rest_route=\/wp\/v2\/pages\/793","targetHints":{"allow":["GET"]}}],"collection":[{"href":"https:\/\/suscita.ipc.pt\/index.php?rest_route=\/wp\/v2\/pages"}],"about":[{"href":"https:\/\/suscita.ipc.pt\/index.php?rest_route=\/wp\/v2\/types\/page"}],"author":[{"embeddable":true,"href":"https:\/\/suscita.ipc.pt\/index.php?rest_route=\/wp\/v2\/users\/1"}],"replies":[{"embeddable":true,"href":"https:\/\/suscita.ipc.pt\/index.php?rest_route=%2Fwp%2Fv2%2Fcomments&post=793"}],"version-history":[{"count":2,"href":"https:\/\/suscita.ipc.pt\/index.php?rest_route=\/wp\/v2\/pages\/793\/revisions"}],"predecessor-version":[{"id":812,"href":"https:\/\/suscita.ipc.pt\/index.php?rest_route=\/wp\/v2\/pages\/793\/revisions\/812"}],"up":[{"embeddable":true,"href":"https:\/\/suscita.ipc.pt\/index.php?rest_route=\/wp\/v2\/pages\/470"}],"wp:attachment":[{"href":"https:\/\/suscita.ipc.pt\/index.php?rest_route=%2Fwp%2Fv2%2Fmedia&parent=793"}],"wp:term":[{"taxonomy":"category","embeddable":true,"href":"https:\/\/suscita.ipc.pt\/index.php?rest_route=%2Fwp%2Fv2%2Fcategories&post=793"},{"taxonomy":"post_tag","embeddable":true,"href":"https:\/\/suscita.ipc.pt\/index.php?rest_route=%2Fwp%2Fv2%2Ftags&post=793"}],"curies":[{"name":"wp","href":"https:\/\/api.w.org\/{rel}","templated":true}]}}