{"id":791,"date":"2025-05-30T11:21:39","date_gmt":"2025-05-30T11:21:39","guid":{"rendered":"https:\/\/suscita.ipc.pt\/?page_id=791"},"modified":"2025-06-08T11:52:32","modified_gmt":"2025-06-08T11:52:32","slug":"visao","status":"publish","type":"page","link":"https:\/\/suscita.ipc.pt\/?page_id=791","title":{"rendered":"Vis\u00e3o"},"content":{"rendered":"<p>Ser um n\u00facleo de refer\u00eancia no panorama nacional e internacional, reconhecido pela produ\u00e7\u00e3o de conhecimento transdisciplinar, pela capacidade de articula\u00e7\u00e3o entre tecnologia e sustentabilidade, e pela sua contribui\u00e7\u00e3o ativa para o desenho de cidades mais resilientes, humanas e ambientalmente respons\u00e1veis.<br \/>\nO SUScita ambiciona ser um ponto de encontro entre ci\u00eancia, cidadania e inova\u00e7\u00e3o aplicada.<\/p>\n","protected":false},"excerpt":{"rendered":"<p>Ser um n\u00facleo de refer\u00eancia no panorama nacional e internacional, reconhecido pela produ\u00e7\u00e3o de conhecimento transdisciplinar, pela capacidade de articula\u00e7\u00e3o entre tecnologia e sustentabilidade, e pela sua contribui\u00e7\u00e3o ativa para o desenho de cidades mais resilientes, humanas e ambientalmente respons\u00e1veis. O SUScita ambiciona ser um ponto de encontro entre ci\u00eancia, cidadania e inova\u00e7\u00e3o aplicada.<\/p>\n","protected":false},"author":1,"featured_media":0,"parent":470,"menu_order":4,"comment_status":"closed","ping_status":"closed","template":"wp-custom-template-page-links","meta":{"footnotes":""},"categories":[23],"tags":[],"class_list":["post-791","page","type-page","status-publish","hentry","category-suscita-page"],"_links":{"self":[{"href":"https:\/\/suscita.ipc.pt\/index.php?rest_route=\/wp\/v2\/pages\/791","targetHints":{"allow":["GET"]}}],"collection":[{"href":"https:\/\/suscita.ipc.pt\/index.php?rest_route=\/wp\/v2\/pages"}],"about":[{"href":"https:\/\/suscita.ipc.pt\/index.php?rest_route=\/wp\/v2\/types\/page"}],"author":[{"embeddable":true,"href":"https:\/\/suscita.ipc.pt\/index.php?rest_route=\/wp\/v2\/users\/1"}],"replies":[{"embeddable":true,"href":"https:\/\/suscita.ipc.pt\/index.php?rest_route=%2Fwp%2Fv2%2Fcomments&post=791"}],"version-history":[{"count":1,"href":"https:\/\/suscita.ipc.pt\/index.php?rest_route=\/wp\/v2\/pages\/791\/revisions"}],"predecessor-version":[{"id":792,"href":"https:\/\/suscita.ipc.pt\/index.php?rest_route=\/wp\/v2\/pages\/791\/revisions\/792"}],"up":[{"embeddable":true,"href":"https:\/\/suscita.ipc.pt\/index.php?rest_route=\/wp\/v2\/pages\/470"}],"wp:attachment":[{"href":"https:\/\/suscita.ipc.pt\/index.php?rest_route=%2Fwp%2Fv2%2Fmedia&parent=791"}],"wp:term":[{"taxonomy":"category","embeddable":true,"href":"https:\/\/suscita.ipc.pt\/index.php?rest_route=%2Fwp%2Fv2%2Fcategories&post=791"},{"taxonomy":"post_tag","embeddable":true,"href":"https:\/\/suscita.ipc.pt\/index.php?rest_route=%2Fwp%2Fv2%2Ftags&post=791"}],"curies":[{"name":"wp","href":"https:\/\/api.w.org\/{rel}","templated":true}]}}