{"id":470,"date":"2025-03-29T10:14:18","date_gmt":"2025-03-29T10:14:18","guid":{"rendered":"https:\/\/suscita.ipc.pt\/?page_id=470"},"modified":"2025-06-09T13:31:18","modified_gmt":"2025-06-09T13:31:18","slug":"welcome-to-suscita","status":"publish","type":"page","link":"https:\/\/suscita.ipc.pt\/?page_id=470","title":{"rendered":"Bem-vindo ao SUScita"},"content":{"rendered":"<p>Num mundo cada vez mais interligado, acreditamos que pensar a cidade exige di\u00e1logo entre diferentes \u00e1reas do conhecimento, inova\u00e7\u00e3o com prop\u00f3sito e compromisso com o territ\u00f3rio, e \u00e9 nesse sentido que este site nasce, para dar visibilidade ao trabalho que desenvolvemos: investiga\u00e7\u00e3o cient\u00edfica, solu\u00e7\u00f5es colaborativas, forma\u00e7\u00e3o, participa\u00e7\u00e3o em projetos e promo\u00e7\u00e3o de contextos participativos e espa\u00e7os de pensamento cr\u00edtico.<\/p>\n<p>Convidamos-vos, por isso, a explorar, colaborar e fazer parte desta rede dedicada \u00e0 constru\u00e7\u00e3o de cidades mais justas, inteligentes e sustent\u00e1veis, atrav\u00e9s de uma a\u00e7\u00e3o conjunta e comprometida com o bem comum.<\/p>\n<p><strong>Bem-vindo ao SUScita \u2013 Sustentabilidade, Cidades e Intelig\u00eancia Urbana.<\/strong><\/p>\n<table style=\"text-align:center; font-size:small; padding:0px; vertical-align: top;\">\n<tr style=\"vertical-align: top;\">\n<td style=\" padding-right:20px;\">\n    <img decoding=\"async\" style=\"border: 2px solid lightgray; border-radius: 50%;height: 100px; width:100px;object-fit: cover;\" src=\"http:\/\/suscita.ipc.pt\/wp-content\/uploads\/2025\/05\/Teresa-Fragoso-1-e1748904410223-300x298.jpg\" alt=\"\" \/><\/p>\n<\/td>\n<td style=\" padding-right:20px;\">\n     <img decoding=\"async\" style=\"border: 2px solid lightgray; border-radius: 50%;height: 100px; width:100px;object-fit: cover;\" src=\"http:\/\/suscita.ipc.pt\/wp-content\/uploads\/2025\/06\/Carla-Rodrigues.jpg\" alt=\"\"\/>\n<\/td>\n<td style=\" padding-right:20px;\">\n    <img decoding=\"async\" style=\"border: 2px solid lightgray; border-radius: 50%;height: 100px; width:100px;object-fit: cover;\" src=\"http:\/\/suscita.ipc.pt\/wp-content\/uploads\/2025\/05\/Joao-Lima-1-e1749474790755-300x265.jpeg\" alt=\"\" \/><\/p>\n<\/td>\n<\/tr>\n<tr style=\"vertical-align: top;\">\n<td style=\" padding-right:20px;\">Teresa Fragoso<br \/>\n<em style=\"font-size: smaller;\">Coordenadora<br \/> do SUScita <\/em>\n<\/td>\n<td style=\" padding-right:20px;\">Carla Rodrigues<br \/>\n<em style=\"font-size: smaller;\">Vice-Coordenadora<\/em>\n<\/td>\n<td style=\" padding-right:20px;\">Jo\u00e3o Lima<br \/>\n<em style=\"font-size: smaller;\">Vice-Coordenador<\/em>\n<\/td>\n<\/tr>\n<\/table>\n","protected":false},"excerpt":{"rendered":"<p>Num mundo cada vez mais interligado, acreditamos que pensar a cidade exige di\u00e1logo entre diferentes \u00e1reas do conhecimento, inova\u00e7\u00e3o com prop\u00f3sito e compromisso com o territ\u00f3rio, e \u00e9 nesse sentido que este site nasce, para dar visibilidade ao trabalho que desenvolvemos: investiga\u00e7\u00e3o cient\u00edfica, solu\u00e7\u00f5es colaborativas, forma\u00e7\u00e3o, participa\u00e7\u00e3o em projetos e promo\u00e7\u00e3o de contextos participativos e [&hellip;]<\/p>\n","protected":false},"author":1,"featured_media":0,"parent":0,"menu_order":1,"comment_status":"closed","ping_status":"closed","template":"wp-custom-template-page-links","meta":{"footnotes":""},"categories":[23],"tags":[],"class_list":["post-470","page","type-page","status-publish","hentry","category-suscita-page"],"_links":{"self":[{"href":"https:\/\/suscita.ipc.pt\/index.php?rest_route=\/wp\/v2\/pages\/470","targetHints":{"allow":["GET"]}}],"collection":[{"href":"https:\/\/suscita.ipc.pt\/index.php?rest_route=\/wp\/v2\/pages"}],"about":[{"href":"https:\/\/suscita.ipc.pt\/index.php?rest_route=\/wp\/v2\/types\/page"}],"author":[{"embeddable":true,"href":"https:\/\/suscita.ipc.pt\/index.php?rest_route=\/wp\/v2\/users\/1"}],"replies":[{"embeddable":true,"href":"https:\/\/suscita.ipc.pt\/index.php?rest_route=%2Fwp%2Fv2%2Fcomments&post=470"}],"version-history":[{"count":159,"href":"https:\/\/suscita.ipc.pt\/index.php?rest_route=\/wp\/v2\/pages\/470\/revisions"}],"predecessor-version":[{"id":1676,"href":"https:\/\/suscita.ipc.pt\/index.php?rest_route=\/wp\/v2\/pages\/470\/revisions\/1676"}],"wp:attachment":[{"href":"https:\/\/suscita.ipc.pt\/index.php?rest_route=%2Fwp%2Fv2%2Fmedia&parent=470"}],"wp:term":[{"taxonomy":"category","embeddable":true,"href":"https:\/\/suscita.ipc.pt\/index.php?rest_route=%2Fwp%2Fv2%2Fcategories&post=470"},{"taxonomy":"post_tag","embeddable":true,"href":"https:\/\/suscita.ipc.pt\/index.php?rest_route=%2Fwp%2Fv2%2Ftags&post=470"}],"curies":[{"name":"wp","href":"https:\/\/api.w.org\/{rel}","templated":true}]}}